{"id":12,"date":"2020-02-04T10:25:28","date_gmt":"2020-02-04T10:25:28","guid":{"rendered":"http:\/\/leseguerilla.de\/?page_id=12"},"modified":"2026-01-27T13:41:04","modified_gmt":"2026-01-27T13:41:04","slug":"aktuelle-termine","status":"publish","type":"page","link":"https:\/\/leseguerilla.de\/?page_id=12","title":{"rendered":"Aktuelle Termine"},"content":{"rendered":"\n<figure class=\"wp-block-image size-large is-resized\"><img loading=\"lazy\" decoding=\"async\" src=\"http:\/\/leseguerilla.de\/wp-content\/uploads\/2020\/02\/i282600889642758850._szt5_.jpg\" alt=\"Zeichnung von Heiner Thomas 2014\" class=\"wp-image-13\" width=\"250\" height=\"300\"\/><figcaption> Zeichnung von Heiner Thomas 2014 <\/figcaption><\/figure>\n\n\n\n<p><\/p>\n\n\n\n<p>\n\t\t\t\t\t\t\t\t\t\tUnsere\n<strong>Veranstaltungen<\/strong> k\u00f6nnen Sie f\u00fcr ihre Jahresendfeier und zu jedem anderen Anlass&nbsp; <strong>buchen<\/strong>.\n\t\t\t\t\t\t\t\t<\/p>\n\n\n\n<p>\n\t\t\t\t\t\t\t\t\t\t\n\t\t\t\t\t\t\t\t\t\t\t\t\n\t\t\t\t\t\t\t\t\t\t\t\t\t\t<em>Die Konditionen\nsind verhandelbar.<\/em>\n\t\t\t\t\t\t\t\t\t\t\t\t\n\t\t\t\t\t\t\t\t\t\t\n\t\t\t\t\t\t\t\t<\/p>\n\n\n\n<p> <strong>Nehmen Sie Kontakt mit uns auf: <\/strong><\/p>\n\n\n\n<p><a class=\"\" rel=\"noreferrer noopener\" href=\"mailto:anfrage@leseguerilla.de\" target=\"_blank\">anfrage@leseguerilla.de<\/a><\/p>\n\n\n\n<hr class=\"wp-block-separator\"\/>\n\n\n\n<figure class=\"wp-block-image size-full\"><img loading=\"lazy\" decoding=\"async\" width=\"606\" height=\"441\" src=\"http:\/\/leseguerilla.de\/wp-content\/uploads\/2024\/05\/karte_moewe_vorn.jpg\" alt=\"\" class=\"wp-image-215\" srcset=\"https:\/\/leseguerilla.de\/wp-content\/uploads\/2024\/05\/karte_moewe_vorn.jpg 606w, https:\/\/leseguerilla.de\/wp-content\/uploads\/2024\/05\/karte_moewe_vorn-300x218.jpg 300w\" sizes=\"auto, (max-width: 606px) 85vw, 606px\" \/><\/figure>\n\n\n\n<p class=\"has-text-align-center\"><br><strong>Seeabend 26. 02. 2026 um 18.00<\/strong><br><strong>in Woltersdorf &#8211; Schleusenbrauerei<\/strong><br>vorbestellen unter: <a href=\"tel:+4933628862296\">+4933628862296<\/a> oder <a href=\"mailto:reservierung@woltersdorfer.com\">reservierung@woltersdorfer.com<\/a><br>An der Schleuse 2b<br>15569 Woltersdorf<br>DeutschlandVerlebt einen sch\u00f6nen und kulturellen Abend in der Schleusenbrauerei Woltersdorf mit Gedichten und Geschichten vom Meer, vorgelesen von der Schauspielerin Rike Eckermann. Musikalisch begleitet wird der Abend von Ulrich Herrmann, der schottische und irische Seemannslieder spielt. Es wird ein thematisch passendes 3-G\u00e4nge-Men\u00fc serviert.<br>Eintrittskarte f\u00fcr diesen tollen Abend voller Spa\u00df und Wohlf\u00fchlen f\u00fcr 49 \u20ac* bei im Restaurant und unter <a href=\"tel:+4933628862296\">+4933628862296<\/a> &nbsp;oder <a href=\"mailto:reservierung@woltersdorfer.com\">reservierung@woltersdorfer.com<\/a><br>* Preis beinhaltet 3-Gang Men\u00fc und Kulturprogramm, Getr\u00e4nke werden separat abgerechnet. Auch ohne Men\u00fc buchbar, dann Beginn 19. 00 Uhr.<\/p>\n\n\n\n<p>&#8212;&#8212;&#8212;&#8212;&#8212;&#8212;&#8212;&#8212;&#8212;&#8212;&#8212;&#8212;&#8212;&#8212;&#8212;&#8212;&#8212;&#8212;&#8212;&#8212;&#8212;&#8212;&#8212;&#8212;&#8212;&#8212;&#8212;&#8212;&#8212;&#8212;<\/p>\n\n\n\n<div class=\"wp-block-image\"><figure class=\"aligncenter size-full\"><img loading=\"lazy\" decoding=\"async\" width=\"460\" height=\"276\" src=\"http:\/\/leseguerilla.de\/wp-content\/uploads\/2020\/02\/i282600889658453652._szw565h2600_-1.jpg\" alt=\"\" class=\"wp-image-106\" srcset=\"https:\/\/leseguerilla.de\/wp-content\/uploads\/2020\/02\/i282600889658453652._szw565h2600_-1.jpg 460w, https:\/\/leseguerilla.de\/wp-content\/uploads\/2020\/02\/i282600889658453652._szw565h2600_-1-300x180.jpg 300w\" sizes=\"auto, (max-width: 460px) 85vw, 460px\" \/><figcaption>                                                                                                                       Robert Burns<\/figcaption><\/figure><\/div>\n\n\n\n<p class=\"has-text-align-center\"><strong>Then let us toast with an Single Malt&#8230;<\/strong><\/p>\n\n\n\n<p class=\"has-text-align-center\">Literarisch- musikalische Reise durch <strong>S<\/strong><strong>CHOTTLAND<\/strong><\/p>\n\n\n\n<p class=\"has-text-align-center\"><strong>LESUNG<\/strong><em> <\/em>mit&nbsp; Whisky&nbsp;&nbsp; &nbsp;&nbsp;&nbsp; Livemusik mit SHIP IN FULL SAIL<\/p>\n\n\n\n<p class=\"has-text-align-center\"><strong>Samstag, 21. M\u00e4rz 2026 um 19.30<\/strong><\/p>\n\n\n\n<p class=\"has-text-align-center\"><strong>Potsdam Geschwister Scholl Strasse 51<\/strong><\/p>\n\n\n\n<p><strong>Vorbestellen unter 0173 850 55 02<\/strong><\/p>\n\n\n\n<p><strong>oder info@potsdam-gitarre.de<\/strong><\/p>\n\n\n\n<p><em>Es lesen:<\/em><strong><\/strong><\/p>\n\n\n\n<p><strong>NINA KLINGER<\/strong>      <strong>RIKE ECKERMANN  <\/strong>   <strong>CARSTEN WILHELM<\/strong><\/p>\n\n\n\n<p><em>Livemusik&nbsp;&nbsp;<\/em><strong>SHIP IN FULL SAIL&nbsp;<\/strong>   <strong>MIRIAM BOHSE<\/strong>   <strong>ULRICH HERRMANN<\/strong><\/p>\n\n\n\n<p>&#8212;&#8212;&#8212;&#8212;&#8212;&#8212;&#8212;&#8212;&#8212;&#8212;&#8212;&#8212;&#8212;&#8212;&#8212;&#8212;&#8212;&#8212;&#8212;&#8212;&#8212;&#8212;&#8211;<\/p>\n\n\n\n<p><\/p>\n\n\n\n<p><\/p>\n\n\n\n<p><\/p>\n\n\n\n<p><\/p>\n\n\n\n<p><\/p>\n\n\n\n<p><\/p>\n\n\n\n<p><\/p>\n\n\n\n<p><\/p>\n\n\n\n<p><\/p>\n\n\n\n<p><\/p>\n\n\n\n<p style=\"font-size:24px\"><\/p>\n\n\n\n<figure class=\"wp-block-gallery columns-0 is-cropped wp-block-gallery-1 is-layout-flex wp-block-gallery-is-layout-flex\"><ul class=\"blocks-gallery-grid\"><\/ul><\/figure>\n\n\n\n<hr class=\"wp-block-separator\"\/>\n\n\n\n<p class=\"has-text-align-center\"><\/p>\n\n\n\n<hr class=\"wp-block-separator\"\/>\n\n\n\n<p><strong><br> <\/strong> <\/p>\n\n\n\n<p><\/p>\n\n\n\n<p><strong><br> <\/strong> <\/p>\n\n\n\n<p><\/p>\n","protected":false},"excerpt":{"rendered":"<p>Unsere Veranstaltungen k\u00f6nnen Sie f\u00fcr ihre Jahresendfeier und zu jedem anderen Anlass&nbsp; buchen. Die Konditionen sind verhandelbar. Nehmen Sie Kontakt mit uns auf: anfrage@leseguerilla.de Seeabend 26. 02. 2026 um 18.00in Woltersdorf &#8211; Schleusenbrauereivorbestellen unter: +4933628862296 oder reservierung@woltersdorfer.comAn der Schleuse 2b15569 WoltersdorfDeutschlandVerlebt einen sch\u00f6nen und kulturellen Abend in der Schleusenbrauerei Woltersdorf mit Gedichten und Geschichten vom &hellip; <a href=\"https:\/\/leseguerilla.de\/?page_id=12\" class=\"more-link\"><span class=\"screen-reader-text\">\u201eAktuelle Termine\u201c <\/span>weiterlesen<\/a><\/p>\n","protected":false},"author":1,"featured_media":0,"parent":0,"menu_order":0,"comment_status":"closed","ping_status":"closed","template":"","meta":{"footnotes":""},"class_list":["post-12","page","type-page","status-publish","hentry"],"_links":{"self":[{"href":"https:\/\/leseguerilla.de\/index.php?rest_route=\/wp\/v2\/pages\/12","targetHints":{"allow":["GET"]}}],"collection":[{"href":"https:\/\/leseguerilla.de\/index.php?rest_route=\/wp\/v2\/pages"}],"about":[{"href":"https:\/\/leseguerilla.de\/index.php?rest_route=\/wp\/v2\/types\/page"}],"author":[{"embeddable":true,"href":"https:\/\/leseguerilla.de\/index.php?rest_route=\/wp\/v2\/users\/1"}],"replies":[{"embeddable":true,"href":"https:\/\/leseguerilla.de\/index.php?rest_route=%2Fwp%2Fv2%2Fcomments&post=12"}],"version-history":[{"count":27,"href":"https:\/\/leseguerilla.de\/index.php?rest_route=\/wp\/v2\/pages\/12\/revisions"}],"predecessor-version":[{"id":276,"href":"https:\/\/leseguerilla.de\/index.php?rest_route=\/wp\/v2\/pages\/12\/revisions\/276"}],"wp:attachment":[{"href":"https:\/\/leseguerilla.de\/index.php?rest_route=%2Fwp%2Fv2%2Fmedia&parent=12"}],"curies":[{"name":"wp","href":"https:\/\/api.w.org\/{rel}","templated":true}]}}