{"id":127,"date":"2020-02-04T11:44:54","date_gmt":"2020-02-04T11:44:54","guid":{"rendered":"http:\/\/leseguerilla.de\/?page_id=127"},"modified":"2020-02-04T11:44:54","modified_gmt":"2020-02-04T11:44:54","slug":"impressum","status":"publish","type":"page","link":"https:\/\/leseguerilla.de\/?page_id=127","title":{"rendered":"Impressum"},"content":{"rendered":"\n<p>Angaben gem\u00e4\u00df \u00a7 5 TMG<\/p>\n\n\n\n<p>Rike Eckermann&nbsp;<br>Sch\u00f6nhauser Allee 74<br>10437 Berlin&nbsp;<\/p>\n\n\n\n<p><strong>Vertreten durch:&nbsp;<\/strong><br>Rike Eckermann<\/p>\n\n\n\n<p><strong>Kontakt:<\/strong>&nbsp;<br><br>E-Mail: die-<a href=\"mailto:leseguerilla@web.de\">leseguerilla@web.de<\/a><\/p>\n\n\n\n<p><strong>Haftungsausschluss:&nbsp;<\/strong><br><br><strong>Haftung f\u00fcr Links<\/strong><br><br>Unser\n Angebot\n enth\u00e4lt Links zu externen Webseiten Dritter, auf deren Inhalte wir \nkeinen Einfluss haben. Deshalb k\u00f6nnen wir f\u00fcr diese fremden Inhalte auch\n keine Gew\u00e4hr \u00fcbernehmen. F\u00fcr die Inhalte der verlinkten Seiten ist \nstets der jeweilige\n Anbieter oder Betreiber der Seiten verantwortlich. Die verlinkten \nSeiten wurden zum Zeitpunkt der Verlinkung auf m\u00f6gliche Rechtsverst\u00f6\u00dfe \n\u00fcberpr\u00fcft. Rechtswidrige Inhalte waren zum Zeitpunkt der Verlinkung \nnicht erkennbar. Eine permanente\n inhaltliche Kontrolle der verlinkten Seiten ist jedoch ohne konkrete \nAnhaltspunkte einer Rechtsverletzung nicht zumutbar. Bei Bekanntwerden \nvon Rechtsverletzungen werden wir derartige Links umgehend entfernen.<br><br><strong>Urheberrecht<\/strong><br><br>Die\n durch die Seitenbetreiber erstellten Inhalte und Werke auf diesen \nSeiten unterliegen dem deutschen Urheberrecht. Die Vervielf\u00e4ltigung, \nBearbeitung, Verbreitung und jede Art der Verwertung au\u00dferhalb der \nGrenzen des Urheberrechtes bed\u00fcrfen\n der schriftlichen Zustimmung des jeweiligen Autors bzw. Erstellers. \nDownloads und Kopien dieser Seite sind nur f\u00fcr den privaten, nicht \nkommerziellen Gebrauch gestattet. Soweit die Inhalte auf dieser Seite \nnicht vom Betreiber erstellt wurden, werden die\n Urheberrechte Dritter beachtet. Insbesondere werden Inhalte Dritter als\n solche gekennzeichnet. Sollten Sie trotzdem auf eine \nUrheberrechtsverletzung aufmerksam werden, bitten wir um einen \nentsprechenden Hinweis. Bei Bekanntwerden von Rechtsverletzungen werden\n wir derartige Inhalte umgehend entfernen.<br><br><strong>Datenschutz<\/strong><br><br>Die\n Nutzung unserer Webseite ist in der Regel ohne Angabe personenbezogener\n Daten m\u00f6glich. Soweit auf unseren Seiten personenbezogene Daten \n(beispielsweise Name,\n Anschrift oder eMail-Adressen) erhoben werden, erfolgt dies, soweit \nm\u00f6glich, stets auf freiwilliger Basis. Diese Daten werden ohne Ihre \nausdr\u00fcckliche Zustimmung nicht an Dritte weitergegeben.&nbsp;<br>Wir weisen \ndarauf hin, dass die Daten\u00fcbertragung\n im Internet (z.B. bei der Kommunikation per E-Mail) Sicherheitsl\u00fccken \naufweisen kann. Ein l\u00fcckenloser Schutz der Daten vor dem Zugriff durch \nDritte ist nicht m\u00f6glich.&nbsp;<br>Der Nutzung von im Rahmen der \nImpressumspflicht ver\u00f6ffentlichten\n Kontaktdaten durch Dritte zur \u00dcbersendung von nicht ausdr\u00fccklich \nangeforderter Werbung und Informationsmaterialien wird hiermit \nausdr\u00fccklich widersprochen. Die Betreiber der Seiten behalten sich \nausdr\u00fccklich rechtliche Schritte im Falle\n der unverlangten Zusendung von Werbeinformationen, etwa durch \nSpam-Mails, vor.  Impressum vom&nbsp;<a href=\"https:\/\/www.impressum-generator.de\/\">Impressum Generator<\/a>&nbsp;der&nbsp;<a href=\"https:\/\/www.kanzlei-hasselbach.de\/\">Kanzlei\n Hasselbach, Rechtsanw\u00e4lte f\u00fcr Arbeitsrecht und Familienrecht<\/a><\/p>\n","protected":false},"excerpt":{"rendered":"<p>Angaben gem\u00e4\u00df \u00a7 5 TMG Rike Eckermann&nbsp;Sch\u00f6nhauser Allee 7410437 Berlin&nbsp; Vertreten durch:&nbsp;Rike Eckermann Kontakt:&nbsp; E-Mail: die-leseguerilla@web.de Haftungsausschluss:&nbsp; Haftung f\u00fcr Links Unser Angebot enth\u00e4lt Links zu externen Webseiten Dritter, auf deren Inhalte wir keinen Einfluss haben. Deshalb k\u00f6nnen wir f\u00fcr diese fremden Inhalte auch keine Gew\u00e4hr \u00fcbernehmen. F\u00fcr die Inhalte der verlinkten Seiten ist stets der &hellip; <a href=\"https:\/\/leseguerilla.de\/?page_id=127\" class=\"more-link\"><span class=\"screen-reader-text\">\u201eImpressum\u201c <\/span>weiterlesen<\/a><\/p>\n","protected":false},"author":1,"featured_media":0,"parent":0,"menu_order":0,"comment_status":"closed","ping_status":"closed","template":"","meta":{"footnotes":""},"class_list":["post-127","page","type-page","status-publish","hentry"],"_links":{"self":[{"href":"https:\/\/leseguerilla.de\/index.php?rest_route=\/wp\/v2\/pages\/127","targetHints":{"allow":["GET"]}}],"collection":[{"href":"https:\/\/leseguerilla.de\/index.php?rest_route=\/wp\/v2\/pages"}],"about":[{"href":"https:\/\/leseguerilla.de\/index.php?rest_route=\/wp\/v2\/types\/page"}],"author":[{"embeddable":true,"href":"https:\/\/leseguerilla.de\/index.php?rest_route=\/wp\/v2\/users\/1"}],"replies":[{"embeddable":true,"href":"https:\/\/leseguerilla.de\/index.php?rest_route=%2Fwp%2Fv2%2Fcomments&post=127"}],"version-history":[{"count":1,"href":"https:\/\/leseguerilla.de\/index.php?rest_route=\/wp\/v2\/pages\/127\/revisions"}],"predecessor-version":[{"id":128,"href":"https:\/\/leseguerilla.de\/index.php?rest_route=\/wp\/v2\/pages\/127\/revisions\/128"}],"wp:attachment":[{"href":"https:\/\/leseguerilla.de\/index.php?rest_route=%2Fwp%2Fv2%2Fmedia&parent=127"}],"curies":[{"name":"wp","href":"https:\/\/api.w.org\/{rel}","templated":true}]}}