{"id":28,"date":"2020-02-04T11:16:29","date_gmt":"2020-02-04T11:16:29","guid":{"rendered":"http:\/\/leseguerilla.de\/?page_id=28"},"modified":"2020-02-04T11:16:29","modified_gmt":"2020-02-04T11:16:29","slug":"weit-weg-die-insel-hinter-der-insel","status":"publish","type":"page","link":"https:\/\/leseguerilla.de\/?page_id=28","title":{"rendered":"Weit weg&#8230;die Insel hinter der Insel"},"content":{"rendered":"\n<figure class=\"wp-block-image size-large\"><img loading=\"lazy\" decoding=\"async\" width=\"565\" height=\"385\" src=\"http:\/\/leseguerilla.de\/wp-content\/uploads\/2020\/02\/i282600889656588782._szw565h2600_.jpg\" alt=\"\" class=\"wp-image-29\" srcset=\"https:\/\/leseguerilla.de\/wp-content\/uploads\/2020\/02\/i282600889656588782._szw565h2600_.jpg 565w, https:\/\/leseguerilla.de\/wp-content\/uploads\/2020\/02\/i282600889656588782._szw565h2600_-300x204.jpg 300w\" sizes=\"auto, (max-width: 565px) 85vw, 565px\" \/><figcaption> Aquarell von Michael R\u00f6mer michaelroemer-art.de <\/figcaption><\/figure>\n\n\n\n<p>Literarisch- musikalische Reise&nbsp; mit Whiskey durch <strong>Irland<\/strong><\/p>\n\n\n\n<p><strong>&nbsp;LIVEMUSIK mit Ship in Full Sail&nbsp;&nbsp;www.shipinfullsail.de<br><\/strong><\/p>\n\n\n\n<p><em>Es lesen:<\/em><\/p>\n\n\n\n<p><strong>NINA KLINGER<\/strong><\/p>\n\n\n\n<p><strong>RIKE ECKERMANN<\/strong><\/p>\n\n\n\n<p><strong>FLORIAN LUDWIG<\/strong><\/p>\n\n\n\n<p><strong>Ship in full sail:  ULRICH HERRMANN und MIRIAM BOHSE<\/strong><\/p>\n\n\n\n<p>mit irischem Whiskey<\/p>\n\n\n\n<p>Drei\n Schauspieler erz\u00e4hlen und lesen Texte von G. B. Shaw, Oskar Wilde,\n W. B. Yeats. Limericks&nbsp; kommen genauso zu Geh\u00f6r, wie wunderbare typisch\n irische Folkmusik, dargebracht von den&nbsp; Musikern von Ship in full Sail.\n Irland ist das Land mit den meisten Lieraturnobelpreistr\u00e4gern, das \nLand&nbsp; der Musiker und\n ein Land der Stille, der ber\u00fchmten gr\u00fcnen H\u00fcgel, Land der Feen, Elfen \nund M\u00e4rchen, Burgen und Schl\u00f6sser, Sagen und Legenden und nat\u00fcrlich des \nWhiskeys. Wir m\u00f6chten Sie f\u00fcr einen Abend in dieses zauberhafte Land \nentf\u00fchren,\n nehmen Sie sich die Ruhe und Zeit, im Sinne des alten irischen \nSprichwortes:<\/p>\n\n\n\n<p><em>Als Gott die Zeit schuf, hat er genug davon gemacht. Und als Gott IRLAND schuf, hat er sich viel Zeit genommen&#8230;<\/em><\/p>\n","protected":false},"excerpt":{"rendered":"<p>Literarisch- musikalische Reise&nbsp; mit Whiskey durch Irland &nbsp;LIVEMUSIK mit Ship in Full Sail&nbsp;&nbsp;www.shipinfullsail.de Es lesen: NINA KLINGER RIKE ECKERMANN FLORIAN LUDWIG Ship in full sail: ULRICH HERRMANN und MIRIAM BOHSE mit irischem Whiskey Drei Schauspieler erz\u00e4hlen und lesen Texte von G. B. Shaw, Oskar Wilde, W. B. Yeats. Limericks&nbsp; kommen genauso zu Geh\u00f6r, wie wunderbare &hellip; <a href=\"https:\/\/leseguerilla.de\/?page_id=28\" class=\"more-link\"><span class=\"screen-reader-text\">\u201eWeit weg&#8230;die Insel hinter der Insel\u201c <\/span>weiterlesen<\/a><\/p>\n","protected":false},"author":1,"featured_media":0,"parent":0,"menu_order":0,"comment_status":"closed","ping_status":"closed","template":"","meta":{"footnotes":""},"class_list":["post-28","page","type-page","status-publish","hentry"],"_links":{"self":[{"href":"https:\/\/leseguerilla.de\/index.php?rest_route=\/wp\/v2\/pages\/28","targetHints":{"allow":["GET"]}}],"collection":[{"href":"https:\/\/leseguerilla.de\/index.php?rest_route=\/wp\/v2\/pages"}],"about":[{"href":"https:\/\/leseguerilla.de\/index.php?rest_route=\/wp\/v2\/types\/page"}],"author":[{"embeddable":true,"href":"https:\/\/leseguerilla.de\/index.php?rest_route=\/wp\/v2\/users\/1"}],"replies":[{"embeddable":true,"href":"https:\/\/leseguerilla.de\/index.php?rest_route=%2Fwp%2Fv2%2Fcomments&post=28"}],"version-history":[{"count":1,"href":"https:\/\/leseguerilla.de\/index.php?rest_route=\/wp\/v2\/pages\/28\/revisions"}],"predecessor-version":[{"id":30,"href":"https:\/\/leseguerilla.de\/index.php?rest_route=\/wp\/v2\/pages\/28\/revisions\/30"}],"wp:attachment":[{"href":"https:\/\/leseguerilla.de\/index.php?rest_route=%2Fwp%2Fv2%2Fmedia&parent=28"}],"curies":[{"name":"wp","href":"https:\/\/api.w.org\/{rel}","templated":true}]}}