{"id":41,"date":"2020-02-04T11:22:13","date_gmt":"2020-02-04T11:22:13","guid":{"rendered":"http:\/\/leseguerilla.de\/?page_id=41"},"modified":"2025-06-11T10:55:43","modified_gmt":"2025-06-11T10:55:43","slug":"sei-gegruesst-und-lebe","status":"publish","type":"page","link":"https:\/\/leseguerilla.de\/?page_id=41","title":{"rendered":"Sei gegr\u00fc\u00dft und lebe"},"content":{"rendered":"\n<figure class=\"wp-block-image size-large\"><img loading=\"lazy\" decoding=\"async\" width=\"565\" height=\"455\" src=\"http:\/\/leseguerilla.de\/wp-content\/uploads\/2020\/02\/i282600889622304931._szw565h2600_.jpg\" alt=\"\" class=\"wp-image-42\" srcset=\"https:\/\/leseguerilla.de\/wp-content\/uploads\/2020\/02\/i282600889622304931._szw565h2600_.jpg 565w, https:\/\/leseguerilla.de\/wp-content\/uploads\/2020\/02\/i282600889622304931._szw565h2600_-300x242.jpg 300w\" sizes=\"auto, (max-width: 565px) 85vw, 565px\" \/><\/figure>\n\n\n\n<p><em>Briefe &nbsp;einer Freundschaft <\/em><\/p>\n\n\n\n<p><strong>Brigitte Reimann und Christa Wolf<\/strong><\/p>\n\n\n\n<p>\u201eDer\n Briefwechsel hat jede Nuance, die ein intensives Leben ausmacht: Er ist\n heiter, traurig, fordernd, verzweifelt, hoch-jubelnd, ironisch. Er \nhandelt von Arbeit, Literatur und Allt\u00e4glichkeiten; von M\u00e4nnern, \nLiebschaften, Krankheiten, Kuchenbacken, Kindern\n und Kollegen. Die gro\u00dfe Frage \u00fcber allem ist die Frage nach dem Gl\u00fcck, \ndem ganz pers\u00f6nlichen.\u201c&nbsp;&nbsp;&nbsp;&nbsp;&nbsp;&nbsp;&nbsp;&nbsp;&nbsp; &nbsp; &nbsp; &nbsp; &nbsp; &nbsp; &nbsp; &nbsp;&nbsp;&nbsp;&nbsp;<em>Kerstin Hensel,\n Freitag<\/em><\/p>\n\n\n\n<p>Brigitte Reimann und \nChrista Wolf lernten sich 1963 auf einer Reise kennen. Es war der Beginn\n einer Freundschaft zweier eigenwilliger Frauen, die sich in ihrem \nAnderssein akzeptierten und mochten. F\u00fcr beide\n waren es krisenhafte Jahre, durchzogen von pers\u00f6nlichen Konflikten, \nbedrohlichen Erkrankungen und politischen Spannungen. Zu einer Zeit, in \nder man \u00fcber vieles nicht offen schreiben konnte, vertrauten sie sich in\n Briefen Sorgen, \u00c4ngste und Tr\u00e4ume\n an. Vom Tod \u00fcberschattet, handelt ihre Korrespondenz gleichwohl vom \nintensiven Leben, zu dem eine der anderen Mut macht. Diese Briefe sind \nzugleich ein Zeitdokument des Alltags der DDR, mit allen K\u00e4mpfen, \nHoffnungen und Krisen, nicht nur der Kunst-\n und Kulturschaffenden. DER AUFRUF ZUM TUN ZUM LEBEN- ob der andere \nk\u00f6rperlich- oder (wie wir wahrscheinlich alle mehr oder weniger) an der \nGesellschaft und den Umst\u00e4nden krankt, eine Liebeserkl\u00e4rung ans Leben.<\/p>\n\n\n\n<p><strong>Es lesen:<\/strong><\/p>\n\n\n\n<p><strong>Brigitte Reimann \u2013 Claudia Maria Franck<\/strong><\/p>\n\n\n\n<p><strong>Christa Wolf \u2013 Rike Eckermann<\/strong><\/p>\n\n\n\n<p><\/p>\n\n\n\n<p><em><strong>eine Co-Produktion von Lingua Cantat und der LeseGuerilla<\/strong><\/em><\/p>\n\n\n\n<p><em><strong>mit freundlicher Genehmigung des Aufbau-Verlages\n Berlin<\/strong><\/em><\/p>\n\n\n\n<p class=\"has-large-font-size\">Termine: <br><strong>11. Juli 2025 19:00h<\/strong><\/p>\n\n\n\n<h3 class=\"wp-block-heading\">Veranstaltungsort: Bibliothek Bad Saarow<\/h3>\n\n\n\n<p>Ulmenstr. 15<br>15526 Bad Saarow<\/p>\n\n\n\n<p><img decoding=\"async\" src=\"https:\/\/fotos.verwaltungsportal.de\/mandate\/icons\/telefon.gif\" alt=\"Telefon\"> <a href=\"tel:033631868124\">(033631) 868124<\/a><\/p>\n\n\n\n<p><img decoding=\"async\" src=\"https:\/\/daten.verwaltungsportal.de\/fotos\/mandate\/icons\/email.gif\" alt=\"E-Mail\"> E-Mail: <a href=\"mailto:bibo-bad-saarow@gmx.de\">bibo-bad-saarow@gmx.de<\/a><\/p>\n\n\n\n<h2 class=\"wp-block-heading\">G\u00e4stebuch \/ Presse \/ Reaktionen<\/h2>\n\n\n\n<figure class=\"wp-block-image\"><img decoding=\"async\" src=\"http:\/\/cdn.simplesite.com\/i\/aa\/40\/282600881458725034\/i282600889635021446._szw270h3500_.jpg\" alt=\"\"\/><\/figure>\n\n\n\n<p>\n\t                    MOZ 16. 2. 2017\n                    <\/p>\n\n\n\n<p><strong>G\u00e4stebuch \u2013 Sei gegr\u00fc\u00dft und lebe!<\/strong><\/p>\n\n\n\n<p><strong>20.M\u00e4rz 2017 \u2014 Heinrich-Mann-Bibliothek Strausberg<\/strong><\/p>\n\n\n\n<p>Sehr emotional, viele Erinnerungen wurden geweckt. Toll vorgetragen!\n Vielen Dank <em>M.Bredt<\/em><\/p>\n\n\n\n<p>Eine grandiose Lesung.&nbsp; <em>Ursula Wittich u.a.<\/em><\/p>\n\n\n\n<p>Einfach\n ein wundervoller Abend. Die professionelle Vortragskunst hat mich \nzur\u00fcck versetzt in die Zeiten, da Brigitte Reimann mit ihrer Krankheit \nin Buch\n k\u00e4mpfte und Christa Wolf zur Seite hatte. <em>B. Angermann<\/em><\/p>\n\n\n\n<p>per\n mail: \u201eNein, sie waren nicht anwesend, Christa Wolf und Brigitte \nReimann, trotz Ank\u00fcndigung der Presse. Aber auch die war nicht im Raum \n<\/p>\n\n\n<p>[bezieht sich auf diese Vorank\u00fcndigung]<\/p>\n\n\n\n<p>\n Daf\u00fcr konnten die Anwesenden durch die starken Stimmen der \nK\u00fcnstlerinnen teilhaben an dem Briefwechsel zweier Schriftstellerinnen. \n[\u2026] Rike Eckermann (Christa Wolf) und Claudia Maria Franck (Brigitte \nReimann) verstanden es, den Zeilen der\n Briefe Leben zu geben und erg\u00e4nzten es durch Passagen aus den B\u00fcchern \nChrista Wolfs und Brigitte Reimanns. [\u2026] So konnten die Zuschauerinnen \nteilhaben und eintauchen in eine Welt, die es nicht nur durch die nicht \nmehr geschriebenen Briefe,\n sondern auch durch den Lauf der Geschichte so nicht mehr git. <\/p>\n\n\n\n<p>\u2013 Ich bekenne mich, ein Dinosaurier zu sein, der noch Briefpapier im Schrank und F\u00fcllhalter in der Tasche hat. [\u2026]<em>Rosiza M.Simowa<\/em><\/p>\n\n\n\n<p><strong>06. Oktober 2016\n \u2013 \u2013 Theater Zukunft Ostkreuz<\/strong><\/p>\n\n\n\n<p>Ach ja genau, es gibt Briefe . . . <em>Jesig<\/em><\/p>\n\n\n\n<p>Starke Lesung von starken Frauen, Sehen- und H\u00f6renswert. Vielen Dank <em>Lotty<\/em><\/p>\n\n\n\n<p><strong>18. Juli 2016 \u2014 Anton-Saefkow-Bibliothek\n Berlin Lichtenberg<\/strong><\/p>\n\n\n\n<p>Lieben Dank f\u00fcr Ihre sehr emotionale Lesung. Umso mehr, da ich selber an einer Komposition Brigitte Reimann arbeite. Mit Dank <em>Fred M\u00f6pert<\/em><\/p>\n\n\n\n<p>Ich bin sehr beeindruckt von der klugen Dramaturgie des Programms\n und von den schauspielerischen Leistungen. Danke f\u00fcr diesen Abend! <em>Beate Herrmann<\/em><\/p>\n","protected":false},"excerpt":{"rendered":"<p>Briefe &nbsp;einer Freundschaft Brigitte Reimann und Christa Wolf \u201eDer Briefwechsel hat jede Nuance, die ein intensives Leben ausmacht: Er ist heiter, traurig, fordernd, verzweifelt, hoch-jubelnd, ironisch. Er handelt von Arbeit, Literatur und Allt\u00e4glichkeiten; von M\u00e4nnern, Liebschaften, Krankheiten, Kuchenbacken, Kindern und Kollegen. Die gro\u00dfe Frage \u00fcber allem ist die Frage nach dem Gl\u00fcck, dem ganz pers\u00f6nlichen.\u201c&nbsp;&nbsp;&nbsp;&nbsp;&nbsp;&nbsp;&nbsp;&nbsp;&nbsp; &hellip; <a href=\"https:\/\/leseguerilla.de\/?page_id=41\" class=\"more-link\"><span class=\"screen-reader-text\">\u201eSei gegr\u00fc\u00dft und lebe\u201c <\/span>weiterlesen<\/a><\/p>\n","protected":false},"author":1,"featured_media":0,"parent":0,"menu_order":0,"comment_status":"closed","ping_status":"closed","template":"","meta":{"footnotes":""},"class_list":["post-41","page","type-page","status-publish","hentry"],"_links":{"self":[{"href":"https:\/\/leseguerilla.de\/index.php?rest_route=\/wp\/v2\/pages\/41","targetHints":{"allow":["GET"]}}],"collection":[{"href":"https:\/\/leseguerilla.de\/index.php?rest_route=\/wp\/v2\/pages"}],"about":[{"href":"https:\/\/leseguerilla.de\/index.php?rest_route=\/wp\/v2\/types\/page"}],"author":[{"embeddable":true,"href":"https:\/\/leseguerilla.de\/index.php?rest_route=\/wp\/v2\/users\/1"}],"replies":[{"embeddable":true,"href":"https:\/\/leseguerilla.de\/index.php?rest_route=%2Fwp%2Fv2%2Fcomments&post=41"}],"version-history":[{"count":5,"href":"https:\/\/leseguerilla.de\/index.php?rest_route=\/wp\/v2\/pages\/41\/revisions"}],"predecessor-version":[{"id":247,"href":"https:\/\/leseguerilla.de\/index.php?rest_route=\/wp\/v2\/pages\/41\/revisions\/247"}],"wp:attachment":[{"href":"https:\/\/leseguerilla.de\/index.php?rest_route=%2Fwp%2Fv2%2Fmedia&parent=41"}],"curies":[{"name":"wp","href":"https:\/\/api.w.org\/{rel}","templated":true}]}}