{"id":55,"date":"2020-02-04T11:28:05","date_gmt":"2020-02-04T11:28:05","guid":{"rendered":"http:\/\/leseguerilla.de\/?page_id=55"},"modified":"2020-02-04T11:28:05","modified_gmt":"2020-02-04T11:28:05","slug":"kollontai","status":"publish","type":"page","link":"https:\/\/leseguerilla.de\/?page_id=55","title":{"rendered":"Kollontai"},"content":{"rendered":"\n<figure class=\"wp-block-image size-large\"><img loading=\"lazy\" decoding=\"async\" width=\"550\" height=\"265\" src=\"http:\/\/leseguerilla.de\/wp-content\/uploads\/2020\/02\/i282600889634252778._szw565h3500_.jpg\" alt=\"\" class=\"wp-image-56\" srcset=\"https:\/\/leseguerilla.de\/wp-content\/uploads\/2020\/02\/i282600889634252778._szw565h3500_.jpg 550w, https:\/\/leseguerilla.de\/wp-content\/uploads\/2020\/02\/i282600889634252778._szw565h3500_-300x145.jpg 300w\" sizes=\"auto, (max-width: 550px) 85vw, 550px\" \/><figcaption>Unrecognized 1910-10-01\n\nAlexandra Kollontai, activist of the international women&#8217;s movement.\n\nFoto RIA Novosti \/ Topfoto \/ SCANPIX  \/ kod 20306 ref: \n\n*** BETALBILD ***<\/figcaption><\/figure>\n\n\n\n<p>100 Jahre Revolution 1917-2017<\/p>\n\n\n\n<p><strong>Alexandra Kollontai<\/strong><\/p>\n\n\n\n<p><strong>Die Rote Liebe<\/strong><\/p>\n\n\n\n<p><em>1872-1952<\/em><\/p>\n\n\n\n<p>Das\n Portrait einer starken Frau. Als Kommunistin gutb\u00fcrgerlicher Herkunft \nengagierte sich Alexandra Kollontai, die eine gl\u00fchende Feministin war, \nf\u00fcr\n die Rechte der Arbeiterinnen in einer sozialistischen \nGesellschaftsordnung, sprach flie\u00dfend Russisch, Finnisch, Franz\u00f6sisch, \nEnglisch und Deutsch. Unter Lenin war sie die weltweit erste Ministerin,\n sie wird Kommissarin f\u00fcr Volksf\u00fcrsorge\n setzte sie sich f\u00fcr das Recht auf Abtreibung, Scheidung, Volksk\u00fcchen \nsowie die kollektive Kindererziehung ein, um erwerbst\u00e4tige Frauen von \nder Mutterrolle zu befreien und propagiert die freie Liebe. Unter Stalin\n arbeitete sie als weltweit erste\n Botschafterin in Skandinavien.<\/p>\n\n\n\n<p><strong>es lesen: Rike Eckermann und Claudia Maria Franck<\/strong><\/p>\n\n\n\n<p><em>Bildgestaltung, Idee und Einrichtung, Texte: Rike Eckermann<\/em><\/p>\n","protected":false},"excerpt":{"rendered":"<p>100 Jahre Revolution 1917-2017 Alexandra Kollontai Die Rote Liebe 1872-1952 Das Portrait einer starken Frau. Als Kommunistin gutb\u00fcrgerlicher Herkunft engagierte sich Alexandra Kollontai, die eine gl\u00fchende Feministin war, f\u00fcr die Rechte der Arbeiterinnen in einer sozialistischen Gesellschaftsordnung, sprach flie\u00dfend Russisch, Finnisch, Franz\u00f6sisch, Englisch und Deutsch. Unter Lenin war sie die weltweit erste Ministerin, sie wird &hellip; <a href=\"https:\/\/leseguerilla.de\/?page_id=55\" class=\"more-link\"><span class=\"screen-reader-text\">\u201eKollontai\u201c <\/span>weiterlesen<\/a><\/p>\n","protected":false},"author":1,"featured_media":0,"parent":0,"menu_order":0,"comment_status":"closed","ping_status":"closed","template":"","meta":{"footnotes":""},"class_list":["post-55","page","type-page","status-publish","hentry"],"_links":{"self":[{"href":"https:\/\/leseguerilla.de\/index.php?rest_route=\/wp\/v2\/pages\/55","targetHints":{"allow":["GET"]}}],"collection":[{"href":"https:\/\/leseguerilla.de\/index.php?rest_route=\/wp\/v2\/pages"}],"about":[{"href":"https:\/\/leseguerilla.de\/index.php?rest_route=\/wp\/v2\/types\/page"}],"author":[{"embeddable":true,"href":"https:\/\/leseguerilla.de\/index.php?rest_route=\/wp\/v2\/users\/1"}],"replies":[{"embeddable":true,"href":"https:\/\/leseguerilla.de\/index.php?rest_route=%2Fwp%2Fv2%2Fcomments&post=55"}],"version-history":[{"count":1,"href":"https:\/\/leseguerilla.de\/index.php?rest_route=\/wp\/v2\/pages\/55\/revisions"}],"predecessor-version":[{"id":57,"href":"https:\/\/leseguerilla.de\/index.php?rest_route=\/wp\/v2\/pages\/55\/revisions\/57"}],"wp:attachment":[{"href":"https:\/\/leseguerilla.de\/index.php?rest_route=%2Fwp%2Fv2%2Fmedia&parent=55"}],"curies":[{"name":"wp","href":"https:\/\/api.w.org\/{rel}","templated":true}]}}