{"id":59,"date":"2020-02-04T11:29:05","date_gmt":"2020-02-04T11:29:05","guid":{"rendered":"http:\/\/leseguerilla.de\/?page_id=59"},"modified":"2020-02-04T11:29:05","modified_gmt":"2020-02-04T11:29:05","slug":"kaete-und-hermann-duncker","status":"publish","type":"page","link":"https:\/\/leseguerilla.de\/?page_id=59","title":{"rendered":"K\u00e4te und Hermann Duncker"},"content":{"rendered":"\n<figure class=\"wp-block-image size-large\"><img loading=\"lazy\" decoding=\"async\" width=\"165\" height=\"180\" src=\"http:\/\/leseguerilla.de\/wp-content\/uploads\/2020\/02\/i282600889655456568._szw565h2600_.jpg\" alt=\"\" class=\"wp-image-60\"\/><\/figure>\n\n\n\n<p><\/p>\n\n\n\n<p><strong>Die Ehe zweier Linkssozialisten in Briefen<\/strong><\/p>\n\n\n\n<p><strong>1894 bis 1953<\/strong><\/p>\n\n\n\n<p>Ein Briefwechsel, der im Juli 1894 beginnt und im September \n1941 endet, war selbst f\u00fcr die Zeit, in der noch Briefe geschrieben \nwurden, nicht allt\u00e4glich. Da es sich hier auch noch um eine fast \nl\u00fcckenlos aufbewahrte Korrespondenz eines\n Ehepaars, zweier bedeutender Pers\u00f6nlichkeiten der deutschen Geschichte \nder ersten H\u00e4lfte des 20. Jahrhunderts handelt, mu\u00df man wohl von einem \nJahrhundertbriefwechsel sprechen. K\u00e4te und Hermann Duncker, seit Mitte \nder 1980er Jahre engagierte\n Sozialisten auf dem linken Fl\u00fcgel der sozialdemokratischen Partei, \nMitbegr\u00fcnder der KPD, aktive Kriegsgegner und Antifaschisten, \nbeschr\u00e4nkten sich keineswegs darauf, famili\u00e4re Belange zu er\u00f6rtern; der \noftmals t\u00e4gliche Gedankenaustausch\n reicht von \u00dcberlegungen zur Gestaltung eines Lesebuchs f\u00fcr den \nDeutschunterricht, \u00fcber Vorarbeiten und Ergebnisse von Untersuchungen \nzur Kinder- und Frauenarbeit bis zu Projekten der Reformp\u00e4dagogik und \nFrauenemanzipation. Betrachtungen\n \u00fcber griechische und fern\u00f6stliche Philosophie, zu Entwicklungsstufen \nder Volkswirtschaft und zu sozialen Utopien werden erg\u00e4nzt von \nReflexionen \u00fcber Musik, Malerei, Religion und naturwissenschaftliche \nProbleme.<\/p>\n\n\n\n<p>es lesen: <strong>Rike Eckermann und Carsten Wilhelm<\/strong><\/p>\n","protected":false},"excerpt":{"rendered":"<p>Die Ehe zweier Linkssozialisten in Briefen 1894 bis 1953 Ein Briefwechsel, der im Juli 1894 beginnt und im September 1941 endet, war selbst f\u00fcr die Zeit, in der noch Briefe geschrieben wurden, nicht allt\u00e4glich. Da es sich hier auch noch um eine fast l\u00fcckenlos aufbewahrte Korrespondenz eines Ehepaars, zweier bedeutender Pers\u00f6nlichkeiten der deutschen Geschichte der &hellip; <a href=\"https:\/\/leseguerilla.de\/?page_id=59\" class=\"more-link\"><span class=\"screen-reader-text\">\u201eK\u00e4te und Hermann Duncker\u201c <\/span>weiterlesen<\/a><\/p>\n","protected":false},"author":1,"featured_media":0,"parent":0,"menu_order":0,"comment_status":"closed","ping_status":"closed","template":"","meta":{"footnotes":""},"class_list":["post-59","page","type-page","status-publish","hentry"],"_links":{"self":[{"href":"https:\/\/leseguerilla.de\/index.php?rest_route=\/wp\/v2\/pages\/59","targetHints":{"allow":["GET"]}}],"collection":[{"href":"https:\/\/leseguerilla.de\/index.php?rest_route=\/wp\/v2\/pages"}],"about":[{"href":"https:\/\/leseguerilla.de\/index.php?rest_route=\/wp\/v2\/types\/page"}],"author":[{"embeddable":true,"href":"https:\/\/leseguerilla.de\/index.php?rest_route=\/wp\/v2\/users\/1"}],"replies":[{"embeddable":true,"href":"https:\/\/leseguerilla.de\/index.php?rest_route=%2Fwp%2Fv2%2Fcomments&post=59"}],"version-history":[{"count":1,"href":"https:\/\/leseguerilla.de\/index.php?rest_route=\/wp\/v2\/pages\/59\/revisions"}],"predecessor-version":[{"id":61,"href":"https:\/\/leseguerilla.de\/index.php?rest_route=\/wp\/v2\/pages\/59\/revisions\/61"}],"wp:attachment":[{"href":"https:\/\/leseguerilla.de\/index.php?rest_route=%2Fwp%2Fv2%2Fmedia&parent=59"}],"curies":[{"name":"wp","href":"https:\/\/api.w.org\/{rel}","templated":true}]}}