{"id":63,"date":"2020-02-04T11:30:35","date_gmt":"2020-02-04T11:30:35","guid":{"rendered":"http:\/\/leseguerilla.de\/?page_id=63"},"modified":"2020-02-04T11:30:35","modified_gmt":"2020-02-04T11:30:35","slug":"erich-kaestners-weihnachtsgeschichten","status":"publish","type":"page","link":"https:\/\/leseguerilla.de\/?page_id=63","title":{"rendered":"Erich K\u00e4stners Weihnachtsgeschichten"},"content":{"rendered":"\n<figure class=\"wp-block-image size-large\"><img loading=\"lazy\" decoding=\"async\" width=\"565\" height=\"407\" src=\"http:\/\/leseguerilla.de\/wp-content\/uploads\/2020\/02\/i282600889657069964._szw565h2600_.jpg\" alt=\"\" class=\"wp-image-64\" srcset=\"https:\/\/leseguerilla.de\/wp-content\/uploads\/2020\/02\/i282600889657069964._szw565h2600_.jpg 565w, https:\/\/leseguerilla.de\/wp-content\/uploads\/2020\/02\/i282600889657069964._szw565h2600_-300x216.jpg 300w\" sizes=\"auto, (max-width: 565px) 85vw, 565px\" \/><figcaption> Bild: michaelroemer-art.de <\/figcaption><\/figure>\n\n\n\n<p><\/p>\n\n\n\n<p><em>\u00bbDer\n Weihnachtstag ist, ohne Frage, <\/em><\/p>\n\n\n\n<p><em>der sch\u00f6nste aller sch\u00f6nsten Tage.\u00ab<\/em><\/p>\n\n\n\n<p>Wenn am Ende eines jeden Jahres die \nBescherung droht- man nie wei\u00df, was kommt, ob \u00fcberhaupt und \nwie&#8230;besinnliches, heiteres aber auch trauriges und dann wieder \nfr\u00f6hliches aus den Erz\u00e4hlungen, Romanen, Kinderb\u00fcchern,\n Gedichten Erich K\u00e4stners zur Weihnachtszeit.<\/p>\n\n\n\n<p><em>\u201eSchweigen sinkt wie fr\u00fcher auf das Feld.<\/em><\/p>\n\n\n\n<p><em>Schw\u00e4ne ziehn mit einem Fl\u00fcgelschlage<\/em><\/p>\n\n\n\n<p><em>\u00dcbers\n Dorf und seine Feiertage<\/em><\/p>\n\n\n\n<p><em>Und verschwinden in der Welt\u2026\u201c<\/em><\/p>\n\n\n\n<p>es lesen<\/p>\n\n\n\n<p>Rike Eckermann und Claudia Maria Franck<\/p>\n","protected":false},"excerpt":{"rendered":"<p>\u00bbDer Weihnachtstag ist, ohne Frage, der sch\u00f6nste aller sch\u00f6nsten Tage.\u00ab Wenn am Ende eines jeden Jahres die Bescherung droht- man nie wei\u00df, was kommt, ob \u00fcberhaupt und wie&#8230;besinnliches, heiteres aber auch trauriges und dann wieder fr\u00f6hliches aus den Erz\u00e4hlungen, Romanen, Kinderb\u00fcchern, Gedichten Erich K\u00e4stners zur Weihnachtszeit. \u201eSchweigen sinkt wie fr\u00fcher auf das Feld. Schw\u00e4ne ziehn &hellip; <a href=\"https:\/\/leseguerilla.de\/?page_id=63\" class=\"more-link\"><span class=\"screen-reader-text\">\u201eErich K\u00e4stners Weihnachtsgeschichten\u201c <\/span>weiterlesen<\/a><\/p>\n","protected":false},"author":1,"featured_media":0,"parent":0,"menu_order":0,"comment_status":"closed","ping_status":"closed","template":"","meta":{"footnotes":""},"class_list":["post-63","page","type-page","status-publish","hentry"],"_links":{"self":[{"href":"https:\/\/leseguerilla.de\/index.php?rest_route=\/wp\/v2\/pages\/63","targetHints":{"allow":["GET"]}}],"collection":[{"href":"https:\/\/leseguerilla.de\/index.php?rest_route=\/wp\/v2\/pages"}],"about":[{"href":"https:\/\/leseguerilla.de\/index.php?rest_route=\/wp\/v2\/types\/page"}],"author":[{"embeddable":true,"href":"https:\/\/leseguerilla.de\/index.php?rest_route=\/wp\/v2\/users\/1"}],"replies":[{"embeddable":true,"href":"https:\/\/leseguerilla.de\/index.php?rest_route=%2Fwp%2Fv2%2Fcomments&post=63"}],"version-history":[{"count":1,"href":"https:\/\/leseguerilla.de\/index.php?rest_route=\/wp\/v2\/pages\/63\/revisions"}],"predecessor-version":[{"id":65,"href":"https:\/\/leseguerilla.de\/index.php?rest_route=\/wp\/v2\/pages\/63\/revisions\/65"}],"wp:attachment":[{"href":"https:\/\/leseguerilla.de\/index.php?rest_route=%2Fwp%2Fv2%2Fmedia&parent=63"}],"curies":[{"name":"wp","href":"https:\/\/api.w.org\/{rel}","templated":true}]}}